{"id":110,"date":"2017-04-14T18:43:56","date_gmt":"2017-04-14T18:43:56","guid":{"rendered":"https:\/\/www.mikibit.com\/?page_id=110\/"},"modified":"2023-02-12T10:13:46","modified_gmt":"2023-02-12T10:13:46","slug":"sobre-mi","status":"publish","type":"page","link":"https:\/\/www.mikibit.com\/ca\/","title":{"rendered":"Sobre mi"},"content":{"rendered":"<h1>Hola<\/h1>\n<h2>Em dic\u00a0Miguel Heredia.<\/h2>\n<h3>Faig\u00a0p\u00e0gines web,<br \/>\ni m&#8217;agrada <span id=\"result_box\" class=\"short_text\" lang=\"ca\"><span class=\"hps\">fer-les b\u00e9<\/span><\/span>.<\/h3>\n<p class=\"large\">S\u00f3c Programador Freelance amb 17 anys d&#8217;experi\u00e8ncia i<br \/>\ntitulat en Enginyeria T\u00e8cnica en Inform\u00e0tica de Sistemes.<\/p>\n<h4><span id=\"result_box\" class=\"short_text\" lang=\"ca\"><span class=\"hps\">Qu\u00e8<\/span> <span class=\"hps\">puc<\/span> <span class=\"hps\">fer<\/span><span class=\"\">?<\/span><\/span><\/h4>\n<p>El meu punt fort \u00e9s la <strong>Programaci\u00f3 Frontend<\/strong>. S\u00f3c especialista en <strong>HTML5<\/strong>, <strong>CSS3<\/strong>, <strong>jQuery<\/strong> i <strong>AJAX<\/strong>, aix\u00ed com <strong>PHP<\/strong>.<br \/>\nHe treballat tamb\u00e9 amb diversos CMS, entre ells: <strong>WordPress<\/strong>, <strong>PrestaShop<\/strong> i <strong>Typo3<\/strong>.<\/p>\n<h4>Qu\u00e8 considero important en el meu treball?<\/h4>\n<ul>\n<li>Un tracte proper amb el client que l&#8217;ajudi a tirar endavant el seu projecte amb confian\u00e7a.<\/li>\n<li>Un preu just per a les dues parts. Una bona feina ha d&#8217;estar ben remunerada.<\/li>\n<li>He com\u00e8s errors i cometr\u00e9 nous. \u00c9s un plaer seguir aprenent d&#8217;ells.<\/li>\n<li>El Software\u00a0Lliure i que Internet sigui Independent. M&#8217;agraden Ubuntu, Firefox i NetBeans.<\/li>\n<li>La meva oficina \u00e9s m\u00f2bil, ja he estat en molts llocs, i dem\u00e0?<\/li>\n<li>Experimentar i compartir.<\/li>\n<li>Gaudir del dia a dia i pagar els meus impostos.<\/li>\n<\/ul>\n<h4>Amb qui m&#8217;agrada treballar?<\/h4>\n<p>M&#8217;agrada envoltar-me de <strong>gent amb talent<\/strong>, gent que et porta un pas m\u00e9s enll\u00e0. Gaudeixo especialment de les col\u00b7laboracions amb el programador\u00a0<a href=\"http:\/\/www.ja-bit.com\" target=\"_blank\" rel=\"noopener\">Javier Aranda<\/a>, la dissenyadora gr\u00e0fica\u00a0<a href=\"http:\/\/www.thehabit-design.com\/\" target=\"_blank\" rel=\"noopener\">Naiara Odriozola<\/a> i l&#8217;experta en comunicaci\u00f3 i dissenyadora gr\u00e0fica <a href=\"http:\/\/cristinafernandez.es\/\" target=\"_blank\" rel=\"noopener\">Cristina Fern\u00e1ndez<\/a>.<\/p>\n<h4>On m&#8217;agrada treballar?<\/h4>\n<p>Un dia per casualitat vaig descobrir que podia <strong>treballar i moure&#8217;m<\/strong> alhora. Considero molt important estar en un <strong>entorn estimulant<\/strong>, aix\u00ed que prefereixo compartir la meva taula de treball. Ho he fet a\u00a0diferents Oficines de Coworking:\u00a0<a href=\"http:\/\/www.betahaus.com\/berlin\/\" target=\"_blank\" rel=\"noopener\">Betahaus<\/a> (Berl\u00edn), <a href=\"http:\/\/www.utopicus.es\" target=\"_blank\" rel=\"noopener\">utopic_US<\/a> (Madrid), <a href=\"http:\/\/turkey.enjoyurbanstation.com\" target=\"_blank\" rel=\"noopener\">Urban Station<\/a> (Istanbul), <a href=\"http:\/\/www.zawp.org\" target=\"_blank\" rel=\"noopener\">ZAWP<\/a> (Bilbao), <a href=\"http:\/\/thehive.co.th\/\" target=\"_blank\" rel=\"noopener\">the Hive<\/a> (Bangkok), <a href=\"http:\/\/thunderbolt-collective.com\" target=\"_blank\" rel=\"noopener\">Thunderbolt Collective<\/a> (Berl\u00edn) i actualment en <a href=\"http:\/\/www.pipoca.es\" target=\"_blank\" rel=\"noopener\">Pipoca<\/a> (Barcelona).<\/p>\n","protected":false},"excerpt":{"rendered":"<p>Hola Em dic\u00a0Miguel Heredia. Faig\u00a0p\u00e0gines web, i m&#8217;agrada fer-les b\u00e9. S\u00f3c Programador Freelance amb 17 anys d&#8217;experi\u00e8ncia i titulat en Enginyeria T\u00e8cnica en Inform\u00e0tica de Sistemes. Qu\u00e8 puc fer? El meu punt fort \u00e9s la Programaci\u00f3 Frontend. S\u00f3c especialista en HTML5, CSS3, jQuery i AJAX, aix\u00ed com PHP. He treballat tamb\u00e9 amb diversos CMS, entre [&hellip;]<\/p>\n","protected":false},"author":1,"featured_media":0,"parent":0,"menu_order":0,"comment_status":"closed","ping_status":"closed","template":"","meta":{"footnotes":""},"class_list":["post-110","page","type-page","status-publish","hentry"],"_links":{"self":[{"href":"https:\/\/www.mikibit.com\/ca\/wp-json\/wp\/v2\/pages\/110","targetHints":{"allow":["GET"]}}],"collection":[{"href":"https:\/\/www.mikibit.com\/ca\/wp-json\/wp\/v2\/pages"}],"about":[{"href":"https:\/\/www.mikibit.com\/ca\/wp-json\/wp\/v2\/types\/page"}],"author":[{"embeddable":true,"href":"https:\/\/www.mikibit.com\/ca\/wp-json\/wp\/v2\/users\/1"}],"replies":[{"embeddable":true,"href":"https:\/\/www.mikibit.com\/ca\/wp-json\/wp\/v2\/comments?post=110"}],"version-history":[{"count":4,"href":"https:\/\/www.mikibit.com\/ca\/wp-json\/wp\/v2\/pages\/110\/revisions"}],"predecessor-version":[{"id":527,"href":"https:\/\/www.mikibit.com\/ca\/wp-json\/wp\/v2\/pages\/110\/revisions\/527"}],"wp:attachment":[{"href":"https:\/\/www.mikibit.com\/ca\/wp-json\/wp\/v2\/media?parent=110"}],"curies":[{"name":"wp","href":"https:\/\/api.w.org\/{rel}","templated":true}]}}