{"id":301,"date":"2017-04-14T22:13:11","date_gmt":"2017-04-14T22:13:11","guid":{"rendered":"https:\/\/www.mikibit.com\/?page_id=301\/"},"modified":"2024-04-07T12:31:47","modified_gmt":"2024-04-07T12:31:47","slug":"contacte","status":"publish","type":"page","link":"https:\/\/www.mikibit.com\/ca\/contacte\/","title":{"rendered":"Contacte"},"content":{"rendered":"<div class=\"krown-column-row clearfix\"><div class=\"krown-column-container clearfix  first span12 clearfix\"><\/p>\n<h1><span class=\"st\">Parlem?<\/span><\/h1>\n<p>Qualsevol idea, proposta de col\u00b7laboraci\u00f3 o projecte s\u00f3n benvinguts!<\/p>\n<p>Pots fer-me una visita a\u00a0<a href=\"http:\/\/www.pipoca.es\" target=\"_blank\" rel=\"noopener\">Pipoca<\/a>,\u00a0un espai molt inspirador al cor creatiu de <strong>Barcelona<\/strong>. Tamb\u00e9 visito sovint <strong>Berl\u00edn<\/strong>, aix\u00ed que si vols que ens veiem nom\u00e9s \u00e9s q\u00fcesti\u00f3 de temps ;)<\/p>\n<p>El meu e-mail: <a href=\"&#x6d;&#97;&#x69;&#x6c;&#116;&#x6f;&#x3a;&#109;&#x68;&#x65;&#114;&#x65;&#x64;i&#x61;&#x40;m&#x69;&#107;i&#x62;&#105;t&#x2e;&#99;o&#x6d;\" target=\"_blank\" rel=\"noopener\">&#109;&#x68;&#101;&#x72;&#101;&#x64;&#105;&#x61;&#64;&#x6d;&#105;&#x6b;&#105;&#x62;&#105;&#x74;&#46;&#x63;&#111;&#x6d;<\/a><\/p>\n<p><\/div>\n","protected":false},"excerpt":{"rendered":"","protected":false},"author":1,"featured_media":0,"parent":0,"menu_order":0,"comment_status":"closed","ping_status":"closed","template":"template-contact.php","meta":{"footnotes":""},"class_list":["post-301","page","type-page","status-publish","hentry"],"_links":{"self":[{"href":"https:\/\/www.mikibit.com\/ca\/wp-json\/wp\/v2\/pages\/301","targetHints":{"allow":["GET"]}}],"collection":[{"href":"https:\/\/www.mikibit.com\/ca\/wp-json\/wp\/v2\/pages"}],"about":[{"href":"https:\/\/www.mikibit.com\/ca\/wp-json\/wp\/v2\/types\/page"}],"author":[{"embeddable":true,"href":"https:\/\/www.mikibit.com\/ca\/wp-json\/wp\/v2\/users\/1"}],"replies":[{"embeddable":true,"href":"https:\/\/www.mikibit.com\/ca\/wp-json\/wp\/v2\/comments?post=301"}],"version-history":[{"count":4,"href":"https:\/\/www.mikibit.com\/ca\/wp-json\/wp\/v2\/pages\/301\/revisions"}],"predecessor-version":[{"id":538,"href":"https:\/\/www.mikibit.com\/ca\/wp-json\/wp\/v2\/pages\/301\/revisions\/538"}],"wp:attachment":[{"href":"https:\/\/www.mikibit.com\/ca\/wp-json\/wp\/v2\/media?parent=301"}],"curies":[{"name":"wp","href":"https:\/\/api.w.org\/{rel}","templated":true}]}}