{"id":112,"date":"2017-04-14T18:45:11","date_gmt":"2017-04-14T18:45:11","guid":{"rendered":"https:\/\/www.mikibit.com\/?page_id=112\/"},"modified":"2023-02-12T10:14:29","modified_gmt":"2023-02-12T10:14:29","slug":"ueber-mich","status":"publish","type":"page","link":"https:\/\/www.mikibit.com\/de\/","title":{"rendered":"\u00dcber mich"},"content":{"rendered":"<h1>Hola<\/h1>\n<h2>Ich bin Miguel Heredia.<\/h2>\n<h3>Ich entwickle\u00a0Webseiten,<br \/>\nund das mache ich gerne gut.<\/h3>\n<p class=\"large\">Ich bin Freelance-Programmierer mit 17 Jahren Berufserfahrung und<br \/>\neinem Abschluss als Ingenieur f\u00fcr technische Informationssysteme.<\/p>\n<h4>Meine F\u00e4higkeiten?<\/h4>\n<p>Meine St\u00e4rke ist\u00a0<strong>Frontend<\/strong>. Ich bin spezialisiert auf\u00a0<strong>HTML5<\/strong>, <strong>CSS3<\/strong>, <strong>jQuery<\/strong>\u00a0und\u00a0<strong>AJAX<\/strong>, sowie\u00a0<strong>PHP<\/strong>.<br \/>\nIch habe ebenso mit verschiedenen CMS gearbeitet, unter anderem\u00a0<strong>WordPress<\/strong>, <strong>PrestaShop<\/strong> und <strong>Typo3<\/strong>.<\/p>\n<h4>Was mir bei meiner Arbeit wichtig ist?<\/h4>\n<ul>\n<li>Eine enge Kundenbeziehung, die das Projekt vertrauensvoll voranbringt<\/li>\n<li>Ein f\u00fcr beide Seiten gerechtfertigter Preis. Gute Arbeit muss gut bezahlt werden<\/li>\n<li>Ich habe Fehler gemacht und werde Fehler machen. Es ist ein Vergn\u00fcgen aus ihnen zu lernen<\/li>\n<li>Open Source und die Freiheit des Internet. Ich mag Ubuntu, Firefox und NetBeans<\/li>\n<li>Mein mobiles B\u00fcro, ich war schon an vielen Orten \u2013 wo werde ich wohl morgen sein?<\/li>\n<li>Experimentieren und teilen<\/li>\n<li>Tag f\u00fcr Tag zu genie\u00dfen und meine Steuern zu bezahlen<\/li>\n<\/ul>\n<h4>Mit wem ich gerne zusammenarbeite?<\/h4>\n<p>Ich umgebe mich gerne mit <strong>talentierten Menschen<\/strong>, Menschen die mich voranbringen. Besonders genie\u00dfe ich die Zusammenarbeit mit dem Programmierer\u00a0<a href=\"http:\/\/www.ja-bit.com\" target=\"_blank\" rel=\"noopener\">Javier Aranda<\/a>, der Grafikerin\u00a0<a href=\"http:\/\/www.thehabit-design.com\/\" target=\"_blank\" rel=\"noopener\">Naiara Odriozola<\/a> und der Kommunikationsexpertin und Grafikerin <a href=\"http:\/\/cristinafernandez.es\/\" target=\"_blank\" rel=\"noopener\">Cristina Fern\u00e1ndez<\/a>.<\/p>\n<h4><span class=\"st\">Wo ich gerne arbeite?<\/span><\/h4>\n<p>Eines Tages entdeckte ich zuf\u00e4llig, dass ich gleichzeitig <strong>arbeiten und unterwegs sein<\/strong> kann. Ein <strong>stimulierenden Umfeld<\/strong> finde ich besonders wichtig, weshalb ich meinen Arbeitstisch gerne teile. Das habe ich bereits in verschiedenen Coworking Spaces getan:\u00a0<a href=\"http:\/\/www.betahaus.com\/berlin\/\" target=\"_blank\" rel=\"noopener\">Betahaus<\/a> (Berlin), <a href=\"http:\/\/www.utopicus.es\" target=\"_blank\" rel=\"noopener\">utopic_US<\/a> (Madrid), <a href=\"http:\/\/turkey.enjoyurbanstation.com\" target=\"_blank\" rel=\"noopener\">Urban Station<\/a> (Istanbul),\u00a0<a href=\"http:\/\/www.zawp.org\" target=\"_blank\" rel=\"noopener\">ZAWP<\/a> (Bilbao), <a href=\"http:\/\/thehive.co.th\/\" target=\"_blank\" rel=\"noopener\">the Hive<\/a> (Bangkok), <a href=\"http:\/\/thunderbolt-collective.com\" target=\"_blank\" rel=\"noopener\">Thunderbolt Collective<\/a> (Berlin) und zur Zeit im <a href=\"http:\/\/www.pipoca.es\" target=\"_blank\" rel=\"noopener\">Pipoca<\/a> (Barcelona).<\/p>\n","protected":false},"excerpt":{"rendered":"<p>Hola Ich bin Miguel Heredia. Ich entwickle\u00a0Webseiten, und das mache ich gerne gut. Ich bin Freelance-Programmierer mit 17 Jahren Berufserfahrung und einem Abschluss als Ingenieur f\u00fcr technische Informationssysteme. Meine F\u00e4higkeiten? Meine St\u00e4rke ist\u00a0Frontend. Ich bin spezialisiert auf\u00a0HTML5, CSS3, jQuery\u00a0und\u00a0AJAX, sowie\u00a0PHP. Ich habe ebenso mit verschiedenen CMS gearbeitet, unter anderem\u00a0WordPress, PrestaShop und Typo3. Was mir bei [&hellip;]<\/p>\n","protected":false},"author":1,"featured_media":0,"parent":0,"menu_order":0,"comment_status":"closed","ping_status":"closed","template":"","meta":{"footnotes":""},"class_list":["post-112","page","type-page","status-publish","hentry"],"_links":{"self":[{"href":"https:\/\/www.mikibit.com\/de\/wp-json\/wp\/v2\/pages\/112","targetHints":{"allow":["GET"]}}],"collection":[{"href":"https:\/\/www.mikibit.com\/de\/wp-json\/wp\/v2\/pages"}],"about":[{"href":"https:\/\/www.mikibit.com\/de\/wp-json\/wp\/v2\/types\/page"}],"author":[{"embeddable":true,"href":"https:\/\/www.mikibit.com\/de\/wp-json\/wp\/v2\/users\/1"}],"replies":[{"embeddable":true,"href":"https:\/\/www.mikibit.com\/de\/wp-json\/wp\/v2\/comments?post=112"}],"version-history":[{"count":4,"href":"https:\/\/www.mikibit.com\/de\/wp-json\/wp\/v2\/pages\/112\/revisions"}],"predecessor-version":[{"id":529,"href":"https:\/\/www.mikibit.com\/de\/wp-json\/wp\/v2\/pages\/112\/revisions\/529"}],"wp:attachment":[{"href":"https:\/\/www.mikibit.com\/de\/wp-json\/wp\/v2\/media?parent=112"}],"curies":[{"name":"wp","href":"https:\/\/api.w.org\/{rel}","templated":true}]}}