{"id":96,"date":"2017-04-14T18:33:40","date_gmt":"2017-04-14T18:33:40","guid":{"rendered":"https:\/\/www.mikibit.com\/?page_id=96\/"},"modified":"2024-04-07T12:32:16","modified_gmt":"2024-04-07T12:32:16","slug":"kontakt","status":"publish","type":"page","link":"https:\/\/www.mikibit.com\/de\/kontakt\/","title":{"rendered":"Kontakt"},"content":{"rendered":"<div class=\"krown-column-row clearfix\"><div class=\"krown-column-container clearfix  first span12 clearfix\"><\/p>\n<h1>Sprechen wir!<\/h1>\n<p>Jede Idee, jede Zusammenarbeit, jedes Projekt sind herzlich willkommen!<\/p>\n<p>Du kannst gern vorbeikommen und mich im\u00a0<a href=\"http:\/\/www.pipoca.es\" target=\"_blank\" rel=\"noopener\">Pipoca<\/a>\u00a0besuchen, einem inspirierenden Raum im kreativen Herz von <strong>Barcelona<\/strong>. Au\u00dferdem besuche ich regelm\u00e4\u00dfig <strong>Berlin<\/strong>, falls Du also willst, dass wir uns sehen \u2013 es nur eine Frage der Zeit ;)<\/p>\n<p>Meine E-Mail: <a href=\"&#x6d;&#x61;&#x69;&#x6c;&#x74;&#x6f;&#x3a;&#x6d;&#x68;&#x65;&#x72;&#x65;&#x64;&#x69;&#x61;&#x40;&#x6d;&#x69;&#x6b;&#x69;&#x62;&#x69;&#116;&#46;&#99;&#111;&#109;\" target=\"_blank\" rel=\"noopener\">mher&#101;&#100;&#105;&#97;&#64;&#x6d;&#x69;&#x6b;&#x69;&#x62;&#x69;&#x74;&#46;com<\/a><\/p>\n<p><\/div>\n","protected":false},"excerpt":{"rendered":"","protected":false},"author":1,"featured_media":0,"parent":0,"menu_order":0,"comment_status":"closed","ping_status":"closed","template":"template-contact.php","meta":{"footnotes":""},"class_list":["post-96","page","type-page","status-publish","hentry"],"_links":{"self":[{"href":"https:\/\/www.mikibit.com\/de\/wp-json\/wp\/v2\/pages\/96","targetHints":{"allow":["GET"]}}],"collection":[{"href":"https:\/\/www.mikibit.com\/de\/wp-json\/wp\/v2\/pages"}],"about":[{"href":"https:\/\/www.mikibit.com\/de\/wp-json\/wp\/v2\/types\/page"}],"author":[{"embeddable":true,"href":"https:\/\/www.mikibit.com\/de\/wp-json\/wp\/v2\/users\/1"}],"replies":[{"embeddable":true,"href":"https:\/\/www.mikibit.com\/de\/wp-json\/wp\/v2\/comments?post=96"}],"version-history":[{"count":5,"href":"https:\/\/www.mikibit.com\/de\/wp-json\/wp\/v2\/pages\/96\/revisions"}],"predecessor-version":[{"id":539,"href":"https:\/\/www.mikibit.com\/de\/wp-json\/wp\/v2\/pages\/96\/revisions\/539"}],"wp:attachment":[{"href":"https:\/\/www.mikibit.com\/de\/wp-json\/wp\/v2\/media?parent=96"}],"curies":[{"name":"wp","href":"https:\/\/api.w.org\/{rel}","templated":true}]}}